{"id":159,"date":"2023-11-15T11:42:30","date_gmt":"2023-11-15T14:42:30","guid":{"rendered":"https:\/\/odevocionalsecreto.com\/?page_id=159"},"modified":"2023-12-01T15:07:10","modified_gmt":"2023-12-01T18:07:10","slug":"store","status":"publish","type":"page","link":"https:\/\/odevocionalsecreto.com\/index.php\/store\/","title":{"rendered":"STORE"},"content":{"rendered":"\n<p class=\"has-text-align-justify\">       <\/p>\n\n\n\n<div class=\"wp-block-media-text is-stacked-on-mobile\" style=\"grid-template-columns:41% auto\"><figure class=\"wp-block-media-text__media\"><a href=\"https:\/\/reserva.ink\/odevocionalsecretostore\" target=\"_blank\" rel=\"noreferrer noopener\"><img loading=\"lazy\" decoding=\"async\" width=\"1024\" height=\"426\" src=\"https:\/\/odevocionalsecreto.com\/wp-content\/uploads\/2023\/11\/NOVO-DEVOCIONAL-SECRETO-LOGO-MARCA-DE-AGUA-LP-1024x426.png\" alt=\"\" class=\"wp-image-165 size-full\" srcset=\"https:\/\/odevocionalsecreto.com\/wp-content\/uploads\/2023\/11\/NOVO-DEVOCIONAL-SECRETO-LOGO-MARCA-DE-AGUA-LP-1024x426.png 1024w, https:\/\/odevocionalsecreto.com\/wp-content\/uploads\/2023\/11\/NOVO-DEVOCIONAL-SECRETO-LOGO-MARCA-DE-AGUA-LP-300x125.png 300w, https:\/\/odevocionalsecreto.com\/wp-content\/uploads\/2023\/11\/NOVO-DEVOCIONAL-SECRETO-LOGO-MARCA-DE-AGUA-LP-768x320.png 768w, https:\/\/odevocionalsecreto.com\/wp-content\/uploads\/2023\/11\/NOVO-DEVOCIONAL-SECRETO-LOGO-MARCA-DE-AGUA-LP-1536x640.png 1536w, https:\/\/odevocionalsecreto.com\/wp-content\/uploads\/2023\/11\/NOVO-DEVOCIONAL-SECRETO-LOGO-MARCA-DE-AGUA-LP-2048x853.png 2048w, https:\/\/odevocionalsecreto.com\/wp-content\/uploads\/2023\/11\/NOVO-DEVOCIONAL-SECRETO-LOGO-MARCA-DE-AGUA-LP-465x194.png 465w, https:\/\/odevocionalsecreto.com\/wp-content\/uploads\/2023\/11\/NOVO-DEVOCIONAL-SECRETO-LOGO-MARCA-DE-AGUA-LP-695x289.png 695w, https:\/\/odevocionalsecreto.com\/wp-content\/uploads\/2023\/11\/NOVO-DEVOCIONAL-SECRETO-LOGO-MARCA-DE-AGUA-LP-1320x550.png 1320w, https:\/\/odevocionalsecreto.com\/wp-content\/uploads\/2023\/11\/NOVO-DEVOCIONAL-SECRETO-LOGO-MARCA-DE-AGUA-LP-600x250.png 600w\" sizes=\"auto, (max-width: 1024px) 100vw, 1024px\" \/><\/a><\/figure><div class=\"wp-block-media-text__content\">\n<h2 class=\"wp-block-heading\"><strong>O Devocional Secreto Store<\/strong><\/h2>\n\n\n\n<p>O Devocional Secreto STORE \u00e9 um e-commerce de camisas da coluna de espiritualidade devocional &#8220;O Devocional Secreto&#8221; em colab com a Reserva.INK e com os designs aut\u00eanticos capixabas assinados pelo designer gr\u00e1fico argentino, Daniel Bossi. Onde a cultura, o turismo e a espiritualidade se encontram de maneira harmoniosa e minimalista. Cada pe\u00e7a \u00e9 mais do que apenas uma vestimenta; \u00e9 uma express\u00e3o de identidade do Reino, uma jornada espiritual com conex\u00f5es e uma celebra\u00e7\u00e3o da diversidade!<\/p>\n<\/div><\/div>\n\n\n\n<p><strong>Explore a Espiritualidade na Moda<\/strong><\/p>\n\n\n\n<p><strong>Visite Agora: <\/strong><a href=\"https:\/\/reserva.ink\/odevocionalsecretostore\">https:\/\/reserva.ink\/odevocionalsecretostore<\/a><\/p>\n\n\n\n<p>Descubra camisas que transcendem o ordin\u00e1rio. De espiritualidade a cultura e turismo, vista a hist\u00f3ria do destino e tradi\u00e7\u00f5es capixabas. Seja a express\u00e3o viva da sua jornada e conecte-se!<\/p>\n\n\n\n<p>Sua jornada \u00fanica merece um guarda-roupa \u00e0 altura.<\/p>\n\n\n<div class=\"wp-block-image\">\n<figure class=\"aligncenter size-large\"><a href=\"https:\/\/reserva.ink\/odevocionalsecretostore\"><img loading=\"lazy\" decoding=\"async\" width=\"1024\" height=\"411\" src=\"https:\/\/odevocionalsecreto.com\/wp-content\/uploads\/2023\/11\/BANNER-O-DEVOCIONAL-SECRETO-STORE-1-1024x411.png\" alt=\"\" class=\"wp-image-169\" srcset=\"https:\/\/odevocionalsecreto.com\/wp-content\/uploads\/2023\/11\/BANNER-O-DEVOCIONAL-SECRETO-STORE-1-1024x411.png 1024w, https:\/\/odevocionalsecreto.com\/wp-content\/uploads\/2023\/11\/BANNER-O-DEVOCIONAL-SECRETO-STORE-1-300x120.png 300w, https:\/\/odevocionalsecreto.com\/wp-content\/uploads\/2023\/11\/BANNER-O-DEVOCIONAL-SECRETO-STORE-1-768x308.png 768w, https:\/\/odevocionalsecreto.com\/wp-content\/uploads\/2023\/11\/BANNER-O-DEVOCIONAL-SECRETO-STORE-1-465x187.png 465w, https:\/\/odevocionalsecreto.com\/wp-content\/uploads\/2023\/11\/BANNER-O-DEVOCIONAL-SECRETO-STORE-1-695x279.png 695w, https:\/\/odevocionalsecreto.com\/wp-content\/uploads\/2023\/11\/BANNER-O-DEVOCIONAL-SECRETO-STORE-1-1320x530.png 1320w, https:\/\/odevocionalsecreto.com\/wp-content\/uploads\/2023\/11\/BANNER-O-DEVOCIONAL-SECRETO-STORE-1-600x241.png 600w, https:\/\/odevocionalsecreto.com\/wp-content\/uploads\/2023\/11\/BANNER-O-DEVOCIONAL-SECRETO-STORE-1.png 1440w\" sizes=\"auto, (max-width: 1024px) 100vw, 1024px\" \/><\/a><\/figure><\/div>","protected":false},"excerpt":{"rendered":"<p>O Devocional Secreto Store O Devocional Secreto STORE \u00e9 um e-commerce de camisas da coluna de espiritualidade devocional &#8220;O Devocional Secreto&#8221; em colab com a Reserva.INK e com os designs aut\u00eanticos capixabas assinados pelo designer gr\u00e1fico argentino, Daniel Bossi. Onde a cultura, o turismo e a espiritualidade se encontram de<span class=\"more-link\"><a href=\"https:\/\/odevocionalsecreto.com\/index.php\/store\/\">Continue lendo<\/a><\/span><\/p>\n","protected":false},"author":1,"featured_media":0,"parent":0,"menu_order":0,"comment_status":"closed","ping_status":"closed","template":"","meta":{"om_disable_all_campaigns":false,"_monsterinsights_skip_tracking":false,"_monsterinsights_sitenote_active":false,"_monsterinsights_sitenote_note":"","_monsterinsights_sitenote_category":0,"_uf_show_specific_survey":0,"_uf_disable_surveys":false,"episode_type":"","audio_file":"","podmotor_file_id":"","podmotor_episode_id":"","cover_image":"","cover_image_id":"","duration":"","filesize":"","filesize_raw":"","date_recorded":"","explicit":"","block":"","itunes_episode_number":"","itunes_title":"","itunes_season_number":"","itunes_episode_type":"","footnotes":""},"class_list":["entry","author-marianamrrangel","post-159","page","type-page","status-publish"],"aioseo_notices":[],"jetpack_sharing_enabled":true,"_links":{"self":[{"href":"https:\/\/odevocionalsecreto.com\/index.php\/wp-json\/wp\/v2\/pages\/159","targetHints":{"allow":["GET"]}}],"collection":[{"href":"https:\/\/odevocionalsecreto.com\/index.php\/wp-json\/wp\/v2\/pages"}],"about":[{"href":"https:\/\/odevocionalsecreto.com\/index.php\/wp-json\/wp\/v2\/types\/page"}],"author":[{"embeddable":true,"href":"https:\/\/odevocionalsecreto.com\/index.php\/wp-json\/wp\/v2\/users\/1"}],"replies":[{"embeddable":true,"href":"https:\/\/odevocionalsecreto.com\/index.php\/wp-json\/wp\/v2\/comments?post=159"}],"version-history":[{"count":6,"href":"https:\/\/odevocionalsecreto.com\/index.php\/wp-json\/wp\/v2\/pages\/159\/revisions"}],"predecessor-version":[{"id":227,"href":"https:\/\/odevocionalsecreto.com\/index.php\/wp-json\/wp\/v2\/pages\/159\/revisions\/227"}],"wp:attachment":[{"href":"https:\/\/odevocionalsecreto.com\/index.php\/wp-json\/wp\/v2\/media?parent=159"}],"curies":[{"name":"wp","href":"https:\/\/api.w.org\/{rel}","templated":true}]}}