{"id":39,"date":"2023-01-29T08:16:03","date_gmt":"2023-01-29T08:16:03","guid":{"rendered":"http:\/\/odevocionalsecreto.com\/?page_id=39"},"modified":"2024-05-12T00:08:33","modified_gmt":"2024-05-12T03:08:33","slug":"contato","status":"publish","type":"page","link":"https:\/\/odevocionalsecreto.com\/index.php\/contato\/","title":{"rendered":"CONTATOS E PARCERIAS"},"content":{"rendered":"\n<p><strong>ENTRE EM CONTATO<\/strong><\/p>\n\n\n\n<p>Se voc\u00ea tem perguntas, sugest\u00f5es para devocionais, coment\u00e1rios ou gostaria de compartilhar suas experi\u00eancias espirituais, estou aqui para ouvir voc\u00ea. Sua jornada espiritual \u00e9 importante para mim e estou dedicada a oferecer orienta\u00e7\u00e3o, mentoria, apoio e inspira\u00e7\u00e3o.<\/p>\n\n\n\n<p>Estou aqui para ajudar voc\u00ea em sua jornada espiritual. Sinta-se \u00e0 vontade para me contatar a qualquer momento. Que sua jornada seja aben\u00e7oada e cheia de luz!<\/p>\n\n\n\n<p>Com amor e gratid\u00e3o,<\/p>\n\n\n\n<p><strong>Mariana Rangel &#8211; O Devocional Secreto<\/strong><\/p>\n\n\n<div class=\"wpforms-container wpforms-container-full wpforms-block wpforms-block-9ced6908-5d14-49d6-9b60-0a3b16620210\" id=\"wpforms-47\"><form id=\"wpforms-form-47\" class=\"wpforms-validate wpforms-form wpforms-ajax-form\" data-formid=\"47\" method=\"post\" enctype=\"multipart\/form-data\" action=\"\/index.php\/wp-json\/wp\/v2\/pages\/39\" data-token=\"34086cd6698ff156fd13ebaef9fdb6c8\" data-token-time=\"1778068737\"><noscript class=\"wpforms-error-noscript\">Ative o JavaScript no seu navegador para preencher este formul\u00e1rio.<\/noscript><div class=\"wpforms-field-container\"><div id=\"wpforms-47-field_1-container\" class=\"wpforms-field wpforms-field-name\" data-field-id=\"1\"><label class=\"wpforms-field-label\">Nome <span class=\"wpforms-required-label\">*<\/span><\/label><div class=\"wpforms-field-row wpforms-field-medium\"><div class=\"wpforms-field-row-block wpforms-first wpforms-one-half\"><input type=\"text\" id=\"wpforms-47-field_1\" class=\"wpforms-field-name-first wpforms-field-required\" name=\"wpforms[fields][1][first]\" required><label for=\"wpforms-47-field_1\" class=\"wpforms-field-sublabel after\">Nome<\/label><\/div><div class=\"wpforms-field-row-block wpforms-one-half\"><input type=\"text\" id=\"wpforms-47-field_1-last\" class=\"wpforms-field-name-last wpforms-field-required\" name=\"wpforms[fields][1][last]\" required><label for=\"wpforms-47-field_1-last\" class=\"wpforms-field-sublabel after\">Sobrenome<\/label><\/div><\/div><\/div><div id=\"wpforms-47-field_3-container\" class=\"wpforms-field wpforms-field-email\" data-field-id=\"3\"><label class=\"wpforms-field-label\" for=\"wpforms-47-field_3\">Email <span class=\"wpforms-required-label\">*<\/span><\/label><input type=\"email\" id=\"wpforms-47-field_3\" class=\"wpforms-field-medium wpforms-field-required\" name=\"wpforms[fields][3]\" spellcheck=\"false\" required><\/div><div id=\"wpforms-47-field_4-container\" class=\"wpforms-field wpforms-field-textarea\" data-field-id=\"4\"><label class=\"wpforms-field-label\" for=\"wpforms-47-field_4\">Deixe sua mensagem<\/label><textarea id=\"wpforms-47-field_4\" class=\"wpforms-field-medium\" name=\"wpforms[fields][4]\" ><\/textarea><\/div><\/div><!-- .wpforms-field-container --><div class=\"wpforms-submit-container\" ><input type=\"hidden\" name=\"wpforms[id]\" value=\"47\"><input type=\"hidden\" name=\"page_title\" value=\"\"><input type=\"hidden\" name=\"page_url\" value=\"https:\/\/odevocionalsecreto.com\/index.php\/wp-json\/wp\/v2\/pages\/39\"><input type=\"hidden\" name=\"url_referer\" value=\"\"><button type=\"submit\" name=\"wpforms[submit]\" id=\"wpforms-submit-47\" class=\"wpforms-submit\" data-alt-text=\"Sending...\" data-submit-text=\"Submit\" aria-live=\"assertive\" value=\"wpforms-submit\">Submit<\/button><img loading=\"lazy\" decoding=\"async\" src=\"https:\/\/odevocionalsecreto.com\/wp-content\/plugins\/wpforms-lite\/assets\/images\/submit-spin.svg\" class=\"wpforms-submit-spinner\" style=\"display: none;\" width=\"26\" height=\"26\" alt=\"Carregando\"><\/div><\/form><\/div>  <!-- .wpforms-container -->\n\n<div class=\"wp-block-image\">\n<figure class=\"aligncenter size-large\"><img loading=\"lazy\" decoding=\"async\" width=\"1024\" height=\"356\" src=\"https:\/\/odevocionalsecreto.com\/wp-content\/uploads\/2023\/06\/Quando-nos-mantemos-conectados-com-Criador-abrimos-portas-de-oportunidades-e-infinitas-possibilidades.-1-1024x356.png\" alt=\"\" class=\"wp-image-82\" srcset=\"https:\/\/odevocionalsecreto.com\/wp-content\/uploads\/2023\/06\/Quando-nos-mantemos-conectados-com-Criador-abrimos-portas-de-oportunidades-e-infinitas-possibilidades.-1-1024x356.png 1024w, https:\/\/odevocionalsecreto.com\/wp-content\/uploads\/2023\/06\/Quando-nos-mantemos-conectados-com-Criador-abrimos-portas-de-oportunidades-e-infinitas-possibilidades.-1-600x208.png 600w, https:\/\/odevocionalsecreto.com\/wp-content\/uploads\/2023\/06\/Quando-nos-mantemos-conectados-com-Criador-abrimos-portas-de-oportunidades-e-infinitas-possibilidades.-1-300x104.png 300w, https:\/\/odevocionalsecreto.com\/wp-content\/uploads\/2023\/06\/Quando-nos-mantemos-conectados-com-Criador-abrimos-portas-de-oportunidades-e-infinitas-possibilidades.-1-768x267.png 768w, https:\/\/odevocionalsecreto.com\/wp-content\/uploads\/2023\/06\/Quando-nos-mantemos-conectados-com-Criador-abrimos-portas-de-oportunidades-e-infinitas-possibilidades.-1-465x161.png 465w, https:\/\/odevocionalsecreto.com\/wp-content\/uploads\/2023\/06\/Quando-nos-mantemos-conectados-com-Criador-abrimos-portas-de-oportunidades-e-infinitas-possibilidades.-1-695x241.png 695w, https:\/\/odevocionalsecreto.com\/wp-content\/uploads\/2023\/06\/Quando-nos-mantemos-conectados-com-Criador-abrimos-portas-de-oportunidades-e-infinitas-possibilidades.-1.png 1440w\" sizes=\"auto, (max-width: 1024px) 100vw, 1024px\" \/><\/figure><\/div>\n\n\n<figure class=\"wp-block-pullquote\"><blockquote><p><strong>&#8220;Quando nos mantemos conectados com o Criador, abrimos portas de oportunidades e infinitas possibilidades.&#8221;<\/strong><\/p><cite>Mariana Rangel<\/cite><\/blockquote><\/figure>\n","protected":false},"excerpt":{"rendered":"<p>ENTRE EM CONTATO Se voc\u00ea tem perguntas, sugest\u00f5es para devocionais, coment\u00e1rios ou gostaria de compartilhar suas experi\u00eancias espirituais, estou aqui para ouvir voc\u00ea. Sua jornada espiritual \u00e9 importante para mim e estou dedicada a oferecer orienta\u00e7\u00e3o, mentoria, apoio e inspira\u00e7\u00e3o. Estou aqui para ajudar voc\u00ea em sua jornada espiritual. Sinta-se<span class=\"more-link\"><a href=\"https:\/\/odevocionalsecreto.com\/index.php\/contato\/\">Continue lendo<\/a><\/span><\/p>\n","protected":false},"author":1,"featured_media":0,"parent":0,"menu_order":0,"comment_status":"closed","ping_status":"closed","template":"","meta":{"om_disable_all_campaigns":false,"_monsterinsights_skip_tracking":false,"_monsterinsights_sitenote_active":false,"_monsterinsights_sitenote_note":"","_monsterinsights_sitenote_category":0,"_uf_show_specific_survey":0,"_uf_disable_surveys":false,"episode_type":"","audio_file":"","podmotor_file_id":"","podmotor_episode_id":"","cover_image":"","cover_image_id":"","duration":"","filesize":"","filesize_raw":"","date_recorded":"","explicit":"","block":"","itunes_episode_number":"","itunes_title":"","itunes_season_number":"","itunes_episode_type":"","footnotes":""},"class_list":["entry","author-marianamrrangel","post-39","page","type-page","status-publish"],"aioseo_notices":[],"jetpack_sharing_enabled":true,"_links":{"self":[{"href":"https:\/\/odevocionalsecreto.com\/index.php\/wp-json\/wp\/v2\/pages\/39","targetHints":{"allow":["GET"]}}],"collection":[{"href":"https:\/\/odevocionalsecreto.com\/index.php\/wp-json\/wp\/v2\/pages"}],"about":[{"href":"https:\/\/odevocionalsecreto.com\/index.php\/wp-json\/wp\/v2\/types\/page"}],"author":[{"embeddable":true,"href":"https:\/\/odevocionalsecreto.com\/index.php\/wp-json\/wp\/v2\/users\/1"}],"replies":[{"embeddable":true,"href":"https:\/\/odevocionalsecreto.com\/index.php\/wp-json\/wp\/v2\/comments?post=39"}],"version-history":[{"count":15,"href":"https:\/\/odevocionalsecreto.com\/index.php\/wp-json\/wp\/v2\/pages\/39\/revisions"}],"predecessor-version":[{"id":332,"href":"https:\/\/odevocionalsecreto.com\/index.php\/wp-json\/wp\/v2\/pages\/39\/revisions\/332"}],"wp:attachment":[{"href":"https:\/\/odevocionalsecreto.com\/index.php\/wp-json\/wp\/v2\/media?parent=39"}],"curies":[{"name":"wp","href":"https:\/\/api.w.org\/{rel}","templated":true}]}}