{"id":66,"date":"2023-06-18T00:35:46","date_gmt":"2023-06-18T00:35:46","guid":{"rendered":"http:\/\/odevocionalsecreto.com\/?page_id=66"},"modified":"2025-08-06T01:31:00","modified_gmt":"2025-08-06T04:31:00","slug":"sobre","status":"publish","type":"page","link":"https:\/\/odevocionalsecreto.com\/index.php\/sobre\/","title":{"rendered":"SOBRE"},"content":{"rendered":"<div class=\"wp-block-image\">\n<figure class=\"aligncenter size-large\"><img loading=\"lazy\" decoding=\"async\" width=\"1024\" height=\"576\" src=\"https:\/\/odevocionalsecreto.com\/wp-content\/uploads\/2023\/06\/Design-sem-nome-1024x576.jpg\" alt=\"\" class=\"wp-image-89\" srcset=\"https:\/\/odevocionalsecreto.com\/wp-content\/uploads\/2023\/06\/Design-sem-nome-1024x576.jpg 1024w, https:\/\/odevocionalsecreto.com\/wp-content\/uploads\/2023\/06\/Design-sem-nome-600x338.jpg 600w, https:\/\/odevocionalsecreto.com\/wp-content\/uploads\/2023\/06\/Design-sem-nome-300x169.jpg 300w, https:\/\/odevocionalsecreto.com\/wp-content\/uploads\/2023\/06\/Design-sem-nome-768x432.jpg 768w, https:\/\/odevocionalsecreto.com\/wp-content\/uploads\/2023\/06\/Design-sem-nome-1536x864.jpg 1536w, https:\/\/odevocionalsecreto.com\/wp-content\/uploads\/2023\/06\/Design-sem-nome-465x262.jpg 465w, https:\/\/odevocionalsecreto.com\/wp-content\/uploads\/2023\/06\/Design-sem-nome-695x391.jpg 695w, https:\/\/odevocionalsecreto.com\/wp-content\/uploads\/2023\/06\/Design-sem-nome.jpg 1920w\" sizes=\"auto, (max-width: 1024px) 100vw, 1024px\" \/><figcaption class=\"wp-element-caption\">Praia de Jardim Camburi, Vit\u00f3ria, Esp\u00edrito Santo.<\/figcaption><\/figure><\/div>\n\n\n<p><\/p>\n\n\n\n<figure class=\"wp-block-pullquote\"><blockquote><p><strong>O QUE \u00c9 E COMO SURGIU<\/strong><\/p><\/blockquote><\/figure>\n\n\n\n<p><\/p>\n\n\n\n<p><strong>O DEVOCIONAL SECRETO<\/strong> \u00e9 uma coluna de espiritualidade devocional idealizada por Mariana Rangel, que cuidadosamente combina devocionais com implica\u00e7\u00f5es da espiritualidade baseados na B\u00edblia Hebraica, com translitera\u00e7\u00e3o do nome do Criador em Sua origem com textos ricos em conhecimentos do desenvolvimento pessoal, neuroci\u00eancias, f\u00edsica qu\u00e2ntica com prop\u00f3sito de conect\u00e1-los a YAWH, do micro ao macro. Propor supera\u00e7\u00e3o de vida, com a reprograma\u00e7\u00e3o mental e transforma\u00e7\u00e3o dos pilares espiritual, emocional e f\u00edsico, por meio de reflex\u00f5es, ora\u00e7\u00f5es e medita\u00e7\u00e3o.<\/p>\n\n\n\n<p>Mariana Rangel unificou suas fun\u00e7\u00f5es e atua como Jornalista, Life Coach &amp; Psicanalista Qu\u00e2ntica e Cantautora Espiritual.<\/p>\n\n\n\n<p>Esta coluna surgiu no cora\u00e7\u00e3o de YAWH num processo de ren\u00fancia e reposicionamento pessoal e profissional envolvidos numa imers\u00e3o espiritual intensificada no in\u00edcio de 2021, ap\u00f3s sua forte experi\u00eancia ao ter sido diagnosticada com um desalinhamento vertebral, \u00e1gua no pulm\u00e3o, arritmia card\u00edaca e refluxo gastroesof\u00e1gico.<\/p>\n\n\n\n<p>Mariana cocriou uma coluna &#8220;Lifestyle Mariana Rangel&#8221; em 2019, mas recebeu a miss\u00e3o Divina de publicar os devocionais e &#8220;insights&#8221; que come\u00e7ou a receber e escrever desde 2016 quando diagnosticada com uma fibromialgia generalizada ap\u00f3s sofrer diversos processos de desalinhamento das v\u00e9rtebras causando um desequil\u00edbrio emocional e comprometendo todo seu sistema nervoso agravando outro diagn\u00f3stico recebido em sua inf\u00e2ncia e fase adulta, que poucos sabem, o TDAH e DISLEXIA.<\/p>\n\n\n\n<p>Ler e escrever, pesquisar e estudar f\u00edsica qu\u00e2ntica e psican\u00e1lise foi um meio de supera\u00e7\u00e3o, utilizados pela jornalista para aliviar, estimular a regenera\u00e7\u00e3o celular, e com prop\u00f3sito de curar as dores por meio da reprograma\u00e7\u00e3o mental e da espiritualidade, em sua conex\u00e3o e devo\u00e7\u00e3o ao Criador dentro do processo. Onde ela acredita, por meio deste prop\u00f3sito Divino, transformar a vida de muitas pessoas!<\/p>\n","protected":false},"excerpt":{"rendered":"<p>O QUE \u00c9 E COMO SURGIU O DEVOCIONAL SECRETO \u00e9 uma coluna de espiritualidade devocional idealizada por Mariana Rangel, que cuidadosamente combina devocionais com implica\u00e7\u00f5es da espiritualidade baseados na B\u00edblia Hebraica, com translitera\u00e7\u00e3o do nome do Criador em Sua origem com textos ricos em conhecimentos do desenvolvimento pessoal, neuroci\u00eancias, f\u00edsica<span class=\"more-link\"><a href=\"https:\/\/odevocionalsecreto.com\/index.php\/sobre\/\">Continue lendo<\/a><\/span><\/p>\n","protected":false},"author":1,"featured_media":0,"parent":0,"menu_order":0,"comment_status":"closed","ping_status":"closed","template":"","meta":{"om_disable_all_campaigns":false,"_monsterinsights_skip_tracking":false,"_monsterinsights_sitenote_active":false,"_monsterinsights_sitenote_note":"","_monsterinsights_sitenote_category":0,"_uf_show_specific_survey":0,"_uf_disable_surveys":false,"episode_type":"","audio_file":"","podmotor_file_id":"","podmotor_episode_id":"","cover_image":"","cover_image_id":"","duration":"","filesize":"","filesize_raw":"","date_recorded":"","explicit":"","block":"","itunes_episode_number":"","itunes_title":"","itunes_season_number":"","itunes_episode_type":"","footnotes":""},"class_list":["entry","author-marianamrrangel","post-66","page","type-page","status-publish"],"aioseo_notices":[],"jetpack_sharing_enabled":true,"_links":{"self":[{"href":"https:\/\/odevocionalsecreto.com\/index.php\/wp-json\/wp\/v2\/pages\/66","targetHints":{"allow":["GET"]}}],"collection":[{"href":"https:\/\/odevocionalsecreto.com\/index.php\/wp-json\/wp\/v2\/pages"}],"about":[{"href":"https:\/\/odevocionalsecreto.com\/index.php\/wp-json\/wp\/v2\/types\/page"}],"author":[{"embeddable":true,"href":"https:\/\/odevocionalsecreto.com\/index.php\/wp-json\/wp\/v2\/users\/1"}],"replies":[{"embeddable":true,"href":"https:\/\/odevocionalsecreto.com\/index.php\/wp-json\/wp\/v2\/comments?post=66"}],"version-history":[{"count":9,"href":"https:\/\/odevocionalsecreto.com\/index.php\/wp-json\/wp\/v2\/pages\/66\/revisions"}],"predecessor-version":[{"id":420,"href":"https:\/\/odevocionalsecreto.com\/index.php\/wp-json\/wp\/v2\/pages\/66\/revisions\/420"}],"wp:attachment":[{"href":"https:\/\/odevocionalsecreto.com\/index.php\/wp-json\/wp\/v2\/media?parent=66"}],"curies":[{"name":"wp","href":"https:\/\/api.w.org\/{rel}","templated":true}]}}